{"id":895,"date":"2019-03-25T12:11:56","date_gmt":"2019-03-25T11:11:56","guid":{"rendered":"https:\/\/www.bodegasjsantos.com\/politica-cookies\/"},"modified":"2020-10-29T11:37:32","modified_gmt":"2020-10-29T10:37:32","slug":"cookies-policy","status":"publish","type":"page","link":"https:\/\/www.bodegasjsantos.com\/en\/cookies-policy\/","title":{"rendered":"Cookies policy"},"content":{"rendered":"\n<p>BODEGAS J. SANTOS, S.L. informs about the use of cookies on its website: www.bodegasjsantos.com<\/p>\n\n\n\n<p><strong>What are cookies?<\/strong><\/p>\n\n\n\n<p>Cookies are files that can be downloaded to your computer through web pages. They are tools that play an essential role in the provision of numerous services of the information society. Among others, they allow a web page to store and retrieve information about the browsing habits of a user or their equipment and, depending on the information obtained, they can be used to recognize the user and improve the service offered.<\/p>\n\n\n\n<p><strong>Types of cookies<\/strong><\/p>\n\n\n\n<p>Depending on who is the entity that manages the domain from which cookies are sent and treats the data obtained, two types can be distinguished:<\/p>\n\n\n\n<ul class=\"wp-block-list\"><li>Own cookies: Those that are sent to the user&#8217;s terminal equipment from a computer or domain managed by the publisher itself and from which the service requested by the user is provided.<\/li><li>Third-party cookies: Those that are sent to the user&#8217;s terminal equipment from a computer or domain that is not managed by the publisher, but by another entity that processes the data obtained through cookies.<\/li><\/ul>\n\n\n\n<p>In the event that cookies are installed from a computer or domain managed by the publisher itself but the information collected through them is managed by a third party, they cannot be considered as their own cookies.<\/p>\n\n\n\n<p>There is also a second classification according to the period of time they remain stored in the client&#8217;s browser, which may be:<\/p>\n\n\n\n<ul class=\"wp-block-list\"><li>Session cookies: Designed to collect and store data while the user accesses a web page. They are usually used to store information that only interests to keep for the provision of the service requested by the user on a single occasion (e.g. a list of purchased products).<\/li><li>Persistent cookies: The data is still stored in the terminal and can be accessed and processed for a period defined by the person responsible for the cookie, which can last from a few minutes to several years.<\/li><\/ul>\n\n\n\n<p>Finally, there is another classification with six types of cookies according to the purpose for which the data obtained is processed:<\/p>\n\n\n\n<ul class=\"wp-block-list\"><li>Technical cookies: Those that allow the user to navigate through a web page, platform or application and use the different options or services that exist in it, such as, for example, controlling traffic and data communication, identifying the session , access restricted access parts, remember the elements that make up an order, carry out the purchase process of an order, make the request for registration or participation in an event, use security elements during navigation, store content for the dissemination of videos or sound or share content through social networks.<\/li><li>Personalization cookies: They allow the user to access the service with some predefined general characteristics based on a series of criteria in the user&#8217;s terminal, such as the language, the type of browser through which they access the service, the configuration regional from where you access the service, etc.<\/li><li>Analysis cookies: They allow the person responsible for them to monitor and analyze the behavior of the users of the websites to which they are linked. The information collected through this type of cookies is used in the measurement of the activity of the websites, application or platform and for the elaboration of navigation profiles of the users of said sites, applications and platforms, in order to introduce improvements in function of the analysis of the use data made by the users of the service.<\/li><li>Advertising cookies: They allow the management, in the most efficient way possible, of the advertising spaces.<\/li><li>Behavioral advertising cookies: They store information on user behavior obtained through continuous observation of their browsing habits, allowing a specific profile to be developed to display advertising based on it.<\/li><li>External social network cookies: They are used so that visitors can interact with the content of different social platforms (facebook, youtube, twitter, linkedIn, etc.) and that they are generated only for the users of said social networks. The conditions of use of these cookies and the information collected is regulated by the privacy policy of the corresponding social platform.<\/li><\/ul>\n\n\n\n<p><strong>Deactivation and deletion of cookies<\/strong><\/p>\n\n\n\n<p>You have the option to allow, block or delete the cookies installed on your computer by configuring the options of the browser installed on your computer. By disabling cookies, some of the available services may cease to be operational. The way to disable cookies is different for each browser, but it can usually be done from the Tools or Options menu. You can also consult the browser&#8217;s Help menu where you can find instructions. The user can at any time choose which cookies they want to work on this website.<\/p>\n\n\n\n<p>You can allow, block or delete the cookies installed on your computer by configuring the options of the browser installed on your computer:<\/p>\n\n\n\n<ul class=\"wp-block-list\"><li>Microsoft Internet Explorer o Microsoft Edge: <a href=\"http:\/\/windows.microsoft.com\/es-es\/windows-vista\/Block-or-allow-cookies\" target=\"_blank\" rel=\"noreferrer noopener\">http:\/\/windows.microsoft.com\/es-es\/windows-vista\/Block-or-allow-cookies<\/a><\/li><li>Mozilla Firefox: <a href=\"http:\/\/support.mozilla.org\/es\/kb\/impedir-que-los-sitios-web-guarden-sus-preferencia\" target=\"_blank\" rel=\"noreferrer noopener\">http:\/\/support.mozilla.org\/es\/kb\/impedir-que-los-sitios-web-guarden-sus-preferencia<\/a><\/li><li>Chrome: <a href=\"https:\/\/support.google.com\/accounts\/answer\/61416?hl=es\" target=\"_blank\" rel=\"noreferrer noopener\">https:\/\/support.google.com\/accounts\/answer\/61416?hl=es<\/a><\/li><li>Safari: <a href=\"http:\/\/safari.helpmax.net\/es\/privacidad-y-seguridad\/como-gestionar-las-cookies\/\" target=\"_blank\" rel=\"noreferrer noopener\">http:\/\/safari.helpmax.net\/es\/privacidad-y-seguridad\/como-gestionar-las-cookies\/<\/a><\/li><li>Opera: <a href=\"http:\/\/help.opera.com\/Linux\/10.60\/es-ES\/cookies.html\" target=\"_blank\" rel=\"noreferrer noopener\">http:\/\/help.opera.com\/Linux\/10.60\/es-ES\/cookies.html<\/a><\/li><\/ul>\n\n\n\n<p>In addition, you can also manage the cookie store in your browser through tools such as the following:<\/p>\n\n\n\n<ul class=\"wp-block-list\"><li>Ghostery: www.ghostery.com<\/li><li>Your Online Choices: www.youronlinechoices.com\/es\/<\/li><\/ul>\n\n\n\n<p>Puede revisar las cookies y ajustes de privacidad, haciendo click en el&nbsp;<a href=\"#gdpr_cookie_modal\">siguiente enlace<\/a>.<\/p>\n\n\n\n<h2 class=\"wp-block-heading\"><strong>Active Cookies at www.bodegasjsantos.com<\/strong><\/h2>\n\n\n\n<p><strong>Technical cookies<\/strong><\/p>\n\n\n\n<p>Las cookies t\u00e9cnicas necesarias tienen que activarse siempre para que podamos guardar tus preferencias de ajustes de cookies. B\u00e1sicamente, esta web no funcionar\u00e1 bien si no est\u00e1n activas.<\/p>\n\n\n\n<figure class=\"wp-block-table tabla-cookies\"><table><thead><tr><th scope=\"col\">Nombre<\/th><th scope=\"col\">Proveedor<\/th><th scope=\"col\">Prop\u00f3sito<\/th><th scope=\"col\">Caducidad<\/th><th scope=\"col\">Tipo<\/th><\/tr><\/thead><tbody><tr><td>moove_gdpr_popup<\/td><td>Propia<\/td><td>Almacena el estado de consentimiento de cookies del usuario para el dominio actual<\/td><td>1 a\u00f1o<\/td><td>HTTP Cookie<\/td><\/tr><tr><td>age_gate<\/td><td>tienda.bodegasjsantos.com<\/td><td>Almacena la selecci\u00f3n del usuario a la pregunta de mayor\u00eda de edad<\/td><td>Session<\/td><td><\/td><\/tr><tr><td>wc_cart_created<\/td><td>tienda.bodegasjsantos.com<\/td><td>Necesaria para la funcionabilidad de la cesta de la compra en la web.<\/td><td>Session<\/td><td>HTML Local Storage<\/td><\/tr><tr><td>wc_cart_hash_#<\/td><td>tienda.bodegasjsantos.com<\/td><td>Pendiente<\/td><td>Persistent<\/td><td>HTML Local Storage<\/td><\/tr><tr><td>wc_fragments_#<\/td><td>tienda.bodegasjsantos.com<\/td><td>Pendiente<\/td><td>Session<\/td><td>HTML Local Storage<\/td><\/tr><tr><td>woocommerce_cart_hash<\/td><td>tienda.bodegasjsantos.com<\/td><td>Necesaria para que la funci\u00f3n de cesta de la compra de la web recuerde los productos elegidos &#8211; Esto tambi\u00e9n permite a la web la promoci\u00f3n de productos relacionados al visitante, basada en el contenido de la cesta de la compra.<\/td><td>Session<\/td><td>HTTP Cookie<\/td><\/tr><tr><td>woocommerce_items_in_cart<\/td><td>tienda.bodegasjsantos.com<\/td><td>Necesaria para que la funci\u00f3n de cesta de la compra de la web recuerde los productos elegidos &#8211; Esto tambi\u00e9n permite a la web la promoci\u00f3n de productos relacionados al visitante, basada en el contenido de la cesta de la compra.<\/td><td>Session<\/td><td>HTTP Cookie<\/td><\/tr><tr><td>wp_woocommerce_session_#<\/td><td>tienda.bodegasjsantos.com<\/td><td>Pendiente<\/td><td>1 d\u00eda<\/td><td>HTTP Cookie<\/td><\/tr><\/tbody><\/table><\/figure>\n\n\n\n<p><strong>Third-party cookies<\/strong><\/p>\n\n\n\n<p>La web www.bodegasjsantos.com utiliza las siguientes cookies:<\/p>\n\n\n\n<figure class=\"wp-block-table tabla-cookies\"><table><thead><tr><th scope=\"col\">Nombre<\/th><th scope=\"col\">Proveedor<\/th><th scope=\"col\">Prop\u00f3sito<\/th><th scope=\"col\">Caducidad<\/th><th scope=\"col\">Tipo<\/th><\/tr><\/thead><tbody><tr><td>_ga<\/td><td>www.bodegasjsantos.com<\/td><td>Registra una identificaci\u00f3n \u00fanica que se utiliza para generar datos estad\u00edsticos acerca de c\u00f3mo utiliza el visitante el sitio web.<\/td><td>2 a\u00f1os<\/td><td>HTTP Cookie<\/td><\/tr><tr><td>_gat<\/td><td>www.bodegasjsantos.com<\/td><td>Utilizado por Google Analytics para controlar la tasa de peticiones<\/td><td>1 d\u00eda<\/td><td>HTTP Cookie<\/td><\/tr><tr><td>_gid<\/td><td>www.bodegasjsantos.com<\/td><td>Registra una identificaci\u00f3n \u00fanica que se utiliza para generar datos estad\u00edsticos acerca de c\u00f3mo utiliza el visitante el sitio web.<\/td><td>1 d\u00eda<\/td><td>HTTP Cookie<\/td><\/tr><\/tbody><\/table><\/figure>\n\n\n\n<p><strong>Acceptance of the Cookies Policy<\/strong><\/p>\n\n\n\n<p>www.bodegasjsantos.com, assumes that you accept the use of cookies. However, it displays information about its Cookie Policy at the bottom or top of any page of the portal with each login in order for you to be aware.<\/p>\n\n\n\n<p>Given this information, it is possible to carry out the following actions:<\/p>\n\n\n\n<ul class=\"wp-block-list\"><li>Accept cookies: This notice will not be displayed again when accessing any page of the portal during this session.<\/li><li>Close: The notice is hidden on this page.<\/li><li>Modify your settings: You can obtain more information about what cookies are, know the Cookies Policy of: www.bodegasjsantos.com and modify your browser settings.<\/li><\/ul>\n\n\n\n<p>REV: 20.0211<\/p>\n","protected":false},"excerpt":{"rendered":"<p>BODEGAS J. SANTOS, S.L. informs about the use of cookies on its website: www.bodegasjsantos.com What are cookies? Cookies are files that can be downloaded to your computer through web pages. They are tools that play an essential role in the provision of numerous services of the information society. Among others, they allow a web page [&hellip;]<\/p>\n","protected":false},"author":2,"featured_media":0,"parent":0,"menu_order":99,"comment_status":"closed","ping_status":"closed","template":"","meta":{"_genesis_hide_title":false,"_genesis_hide_breadcrumbs":false,"_genesis_hide_singular_image":false,"_genesis_hide_footer_widgets":false,"_genesis_custom_body_class":"","_genesis_custom_post_class":"","_genesis_layout":"full-width-content","footnotes":""},"class_list":{"0":"post-895","1":"page","2":"type-page","3":"status-publish","5":"entry"},"yoast_head":"<!-- This site is optimized with the Yoast SEO plugin v27.0 - https:\/\/yoast.com\/product\/yoast-seo-wordpress\/ -->\n<title>Cookies policy &#8226; Bodegas J. Santos<\/title>\n<meta name=\"robots\" content=\"noindex, nofollow\" \/>\n<meta property=\"og:locale\" content=\"en_US\" \/>\n<meta property=\"og:type\" content=\"article\" \/>\n<meta property=\"og:title\" content=\"Cookies policy &#8226; Bodegas J. Santos\" \/>\n<meta property=\"og:description\" content=\"BODEGAS J. SANTOS, S.L. informs about the use of cookies on its website: www.bodegasjsantos.com What are cookies? Cookies are files that can be downloaded to your computer through web pages. They are tools that play an essential role in the provision of numerous services of the information society. Among others, they allow a web page [&hellip;]\" \/>\n<meta property=\"og:url\" content=\"https:\/\/www.bodegasjsantos.com\/en\/cookies-policy\/\" \/>\n<meta property=\"og:site_name\" content=\"Bodegas J. Santos\" \/>\n<meta property=\"article:modified_time\" content=\"2020-10-29T10:37:32+00:00\" \/>\n<meta name=\"twitter:card\" content=\"summary_large_image\" \/>\n<meta name=\"twitter:label1\" content=\"Est. reading time\" \/>\n\t<meta name=\"twitter:data1\" content=\"6 minutes\" \/>\n<script type=\"application\/ld+json\" class=\"yoast-schema-graph\">{\"@context\":\"https:\/\/schema.org\",\"@graph\":[{\"@type\":\"WebPage\",\"@id\":\"https:\/\/www.bodegasjsantos.com\/en\/cookies-policy\/\",\"url\":\"https:\/\/www.bodegasjsantos.com\/en\/cookies-policy\/\",\"name\":\"Cookies policy &#8226; Bodegas J. Santos\",\"isPartOf\":{\"@id\":\"https:\/\/www.bodegasjsantos.com\/#website\"},\"datePublished\":\"2019-03-25T11:11:56+00:00\",\"dateModified\":\"2020-10-29T10:37:32+00:00\",\"breadcrumb\":{\"@id\":\"https:\/\/www.bodegasjsantos.com\/en\/cookies-policy\/#breadcrumb\"},\"inLanguage\":\"en-US\",\"potentialAction\":[{\"@type\":\"ReadAction\",\"target\":[\"https:\/\/www.bodegasjsantos.com\/en\/cookies-policy\/\"]}]},{\"@type\":\"BreadcrumbList\",\"@id\":\"https:\/\/www.bodegasjsantos.com\/en\/cookies-policy\/#breadcrumb\",\"itemListElement\":[{\"@type\":\"ListItem\",\"position\":1,\"name\":\"Portada\",\"item\":\"https:\/\/www.bodegasjsantos.com\/en\/\"},{\"@type\":\"ListItem\",\"position\":2,\"name\":\"Cookies policy\"}]},{\"@type\":\"WebSite\",\"@id\":\"https:\/\/www.bodegasjsantos.com\/#website\",\"url\":\"https:\/\/www.bodegasjsantos.com\/\",\"name\":\"Bodegas J. Santos\",\"description\":\"\",\"publisher\":{\"@id\":\"https:\/\/www.bodegasjsantos.com\/#organization\"},\"potentialAction\":[{\"@type\":\"SearchAction\",\"target\":{\"@type\":\"EntryPoint\",\"urlTemplate\":\"https:\/\/www.bodegasjsantos.com\/?s={search_term_string}\"},\"query-input\":{\"@type\":\"PropertyValueSpecification\",\"valueRequired\":true,\"valueName\":\"search_term_string\"}}],\"inLanguage\":\"en-US\"},{\"@type\":\"Organization\",\"@id\":\"https:\/\/www.bodegasjsantos.com\/#organization\",\"name\":\"Bodegas J. Santos\",\"url\":\"https:\/\/www.bodegasjsantos.com\/\",\"logo\":{\"@type\":\"ImageObject\",\"inLanguage\":\"en-US\",\"@id\":\"https:\/\/www.bodegasjsantos.com\/#\/schema\/logo\/image\/\",\"url\":\"https:\/\/www.bodegasjsantos.com\/wp-content\/uploads\/2020\/06\/bodegas-julian-santos-logo.jpg\",\"contentUrl\":\"https:\/\/www.bodegasjsantos.com\/wp-content\/uploads\/2020\/06\/bodegas-julian-santos-logo.jpg\",\"width\":500,\"height\":338,\"caption\":\"Bodegas J. Santos\"},\"image\":{\"@id\":\"https:\/\/www.bodegasjsantos.com\/#\/schema\/logo\/image\/\"}}]}<\/script>\n<!-- \/ Yoast SEO plugin. -->","yoast_head_json":{"title":"Cookies policy &#8226; Bodegas J. Santos","robots":{"index":"noindex","follow":"nofollow"},"og_locale":"en_US","og_type":"article","og_title":"Cookies policy &#8226; Bodegas J. Santos","og_description":"BODEGAS J. SANTOS, S.L. informs about the use of cookies on its website: www.bodegasjsantos.com What are cookies? Cookies are files that can be downloaded to your computer through web pages. They are tools that play an essential role in the provision of numerous services of the information society. Among others, they allow a web page [&hellip;]","og_url":"https:\/\/www.bodegasjsantos.com\/en\/cookies-policy\/","og_site_name":"Bodegas J. Santos","article_modified_time":"2020-10-29T10:37:32+00:00","twitter_card":"summary_large_image","twitter_misc":{"Est. reading time":"6 minutes"},"schema":{"@context":"https:\/\/schema.org","@graph":[{"@type":"WebPage","@id":"https:\/\/www.bodegasjsantos.com\/en\/cookies-policy\/","url":"https:\/\/www.bodegasjsantos.com\/en\/cookies-policy\/","name":"Cookies policy &#8226; Bodegas J. Santos","isPartOf":{"@id":"https:\/\/www.bodegasjsantos.com\/#website"},"datePublished":"2019-03-25T11:11:56+00:00","dateModified":"2020-10-29T10:37:32+00:00","breadcrumb":{"@id":"https:\/\/www.bodegasjsantos.com\/en\/cookies-policy\/#breadcrumb"},"inLanguage":"en-US","potentialAction":[{"@type":"ReadAction","target":["https:\/\/www.bodegasjsantos.com\/en\/cookies-policy\/"]}]},{"@type":"BreadcrumbList","@id":"https:\/\/www.bodegasjsantos.com\/en\/cookies-policy\/#breadcrumb","itemListElement":[{"@type":"ListItem","position":1,"name":"Portada","item":"https:\/\/www.bodegasjsantos.com\/en\/"},{"@type":"ListItem","position":2,"name":"Cookies policy"}]},{"@type":"WebSite","@id":"https:\/\/www.bodegasjsantos.com\/#website","url":"https:\/\/www.bodegasjsantos.com\/","name":"Bodegas J. Santos","description":"","publisher":{"@id":"https:\/\/www.bodegasjsantos.com\/#organization"},"potentialAction":[{"@type":"SearchAction","target":{"@type":"EntryPoint","urlTemplate":"https:\/\/www.bodegasjsantos.com\/?s={search_term_string}"},"query-input":{"@type":"PropertyValueSpecification","valueRequired":true,"valueName":"search_term_string"}}],"inLanguage":"en-US"},{"@type":"Organization","@id":"https:\/\/www.bodegasjsantos.com\/#organization","name":"Bodegas J. Santos","url":"https:\/\/www.bodegasjsantos.com\/","logo":{"@type":"ImageObject","inLanguage":"en-US","@id":"https:\/\/www.bodegasjsantos.com\/#\/schema\/logo\/image\/","url":"https:\/\/www.bodegasjsantos.com\/wp-content\/uploads\/2020\/06\/bodegas-julian-santos-logo.jpg","contentUrl":"https:\/\/www.bodegasjsantos.com\/wp-content\/uploads\/2020\/06\/bodegas-julian-santos-logo.jpg","width":500,"height":338,"caption":"Bodegas J. Santos"},"image":{"@id":"https:\/\/www.bodegasjsantos.com\/#\/schema\/logo\/image\/"}}]}},"_links":{"self":[{"href":"https:\/\/www.bodegasjsantos.com\/en\/wp-json\/wp\/v2\/pages\/895","targetHints":{"allow":["GET"]}}],"collection":[{"href":"https:\/\/www.bodegasjsantos.com\/en\/wp-json\/wp\/v2\/pages"}],"about":[{"href":"https:\/\/www.bodegasjsantos.com\/en\/wp-json\/wp\/v2\/types\/page"}],"author":[{"embeddable":true,"href":"https:\/\/www.bodegasjsantos.com\/en\/wp-json\/wp\/v2\/users\/2"}],"replies":[{"embeddable":true,"href":"https:\/\/www.bodegasjsantos.com\/en\/wp-json\/wp\/v2\/comments?post=895"}],"version-history":[{"count":0,"href":"https:\/\/www.bodegasjsantos.com\/en\/wp-json\/wp\/v2\/pages\/895\/revisions"}],"wp:attachment":[{"href":"https:\/\/www.bodegasjsantos.com\/en\/wp-json\/wp\/v2\/media?parent=895"}],"curies":[{"name":"wp","href":"https:\/\/api.w.org\/{rel}","templated":true}]}}